{"id":2238,"date":"2024-08-29T16:36:00","date_gmt":"2024-08-29T14:36:00","guid":{"rendered":"https:\/\/artcolors.pl\/?page_id=2238"},"modified":"2025-09-17T16:11:22","modified_gmt":"2025-09-17T14:11:22","slug":"cennik","status":"publish","type":"page","link":"https:\/\/artcolors.pl\/?page_id=2238","title":{"rendered":"Wypo\u017cyczalnia"},"content":{"rendered":"\n<div class=\"wp-block-media-text is-stacked-on-mobile\"><figure class=\"wp-block-media-text__media\"><img loading=\"lazy\" decoding=\"async\" width=\"1024\" height=\"959\" src=\"https:\/\/artcolors.pl\/wp-content\/uploads\/2024\/10\/458218903_879842623588781_7432683646377202937_n-1-1024x959.jpg\" alt=\"\" class=\"wp-image-2540 size-full\" srcset=\"https:\/\/artcolors.pl\/wp-content\/uploads\/2024\/10\/458218903_879842623588781_7432683646377202937_n-1-1024x959.jpg 1024w, https:\/\/artcolors.pl\/wp-content\/uploads\/2024\/10\/458218903_879842623588781_7432683646377202937_n-1-300x281.jpg 300w, https:\/\/artcolors.pl\/wp-content\/uploads\/2024\/10\/458218903_879842623588781_7432683646377202937_n-1-768x719.jpg 768w, https:\/\/artcolors.pl\/wp-content\/uploads\/2024\/10\/458218903_879842623588781_7432683646377202937_n-1-1536x1439.jpg 1536w, https:\/\/artcolors.pl\/wp-content\/uploads\/2024\/10\/458218903_879842623588781_7432683646377202937_n-1.jpg 2048w\" sizes=\"auto, (max-width: 1024px) 100vw, 1024px\" \/><\/figure><div class=\"wp-block-media-text__content\">\n<p><strong>BIA\u0141Y DYWAN<\/strong> <\/p>\n\n\n\n<p>Bia\u0142y dywan na \u015blub, gruby,, ci\u0119\u017cki, podgumowany dywan o szeroko\u015bci 1,5 m wynajmujemy na terenie \u0141odzi i okolic z naszym transportem, w cenie rozwini\u0119cie i zwini\u0119cie po uroczysto\u015bci. Kilka d\u0142ugo\u015bci do wyboru. Szeroko\u015b\u0107 150 cm jest niezwykle efektowna. <\/p>\n\n\n\n<p>CENA 350 z\u0142<\/p>\n<\/div><\/div>\n\n\n\n<div class=\"wp-block-media-text is-stacked-on-mobile\"><figure class=\"wp-block-media-text__media\"><img loading=\"lazy\" decoding=\"async\" width=\"720\" height=\"960\" src=\"https:\/\/artcolors.pl\/wp-content\/uploads\/2025\/09\/550344331_685758217871787_8799100793942131480_n.jpg\" alt=\"\" class=\"wp-image-2649 size-full\" srcset=\"https:\/\/artcolors.pl\/wp-content\/uploads\/2025\/09\/550344331_685758217871787_8799100793942131480_n.jpg 720w, https:\/\/artcolors.pl\/wp-content\/uploads\/2025\/09\/550344331_685758217871787_8799100793942131480_n-225x300.jpg 225w\" sizes=\"auto, (max-width: 720px) 100vw, 720px\" \/><\/figure><div class=\"wp-block-media-text__content\">\n<p>LUSTRO DO ZDJ\u0118\u0106<\/p>\n\n\n\n<p>Lustro do selfie, absolutny must have na weselu! Idealne jako powitanie i pami\u0105tkowe t\u0142o, personalizowane, w pi\u0119knej z\u0142otej ramie, zapytaj o dekoracje z bia\u0142ych kwiat\u00f3w w cenie. Opcja z naszym transportem, ustawieniem i odbiorem <\/p>\n\n\n\n<p>CENA 300 z\u0142 <\/p>\n<\/div><\/div>\n","protected":false},"excerpt":{"rendered":"<p>BIA\u0141Y DYWAN Bia\u0142y dywan na \u015blub, gruby,, ci\u0119\u017cki, podgumowany dywan o szeroko\u015bci 1,5 m wynajmujemy na terenie \u0141odzi i okolic z naszym transportem, w cenie rozwini\u0119cie i zwini\u0119cie po uroczysto\u015bci. Kilka d\u0142ugo\u015bci do wyboru. Szeroko\u015b\u0107 150 cm jest niezwykle efektowna. CENA 350 z\u0142 LUSTRO DO ZDJ\u0118\u0106 Lustro do selfie, absolutny must have na weselu! Idealne [&hellip;]<\/p>\n","protected":false},"author":1,"featured_media":0,"parent":0,"menu_order":0,"comment_status":"closed","ping_status":"closed","template":"","meta":{"_uag_custom_page_level_css":"","site-sidebar-layout":"default","site-content-layout":"","ast-site-content-layout":"default","site-content-style":"default","site-sidebar-style":"default","ast-global-header-display":"","ast-banner-title-visibility":"","ast-main-header-display":"","ast-hfb-above-header-display":"","ast-hfb-below-header-display":"","ast-hfb-mobile-header-display":"","site-post-title":"","ast-breadcrumbs-content":"","ast-featured-img":"","footer-sml-layout":"","theme-transparent-header-meta":"","adv-header-id-meta":"","stick-header-meta":"","header-above-stick-meta":"","header-main-stick-meta":"","header-below-stick-meta":"","astra-migrate-meta-layouts":"set","ast-page-background-enabled":"default","ast-page-background-meta":{"desktop":{"background-color":"var(--ast-global-color-4)","background-image":"","background-repeat":"repeat","background-position":"center center","background-size":"auto","background-attachment":"scroll","background-type":"","background-media":"","overlay-type":"","overlay-color":"","overlay-opacity":"","overlay-gradient":""},"tablet":{"background-color":"","background-image":"","background-repeat":"repeat","background-position":"center center","background-size":"auto","background-attachment":"scroll","background-type":"","background-media":"","overlay-type":"","overlay-color":"","overlay-opacity":"","overlay-gradient":""},"mobile":{"background-color":"","background-image":"","background-repeat":"repeat","background-position":"center center","background-size":"auto","background-attachment":"scroll","background-type":"","background-media":"","overlay-type":"","overlay-color":"","overlay-opacity":"","overlay-gradient":""}},"ast-content-background-meta":{"desktop":{"background-color":"var(--ast-global-color-5)","background-image":"","background-repeat":"repeat","background-position":"center center","background-size":"auto","background-attachment":"scroll","background-type":"","background-media":"","overlay-type":"","overlay-color":"","overlay-opacity":"","overlay-gradient":""},"tablet":{"background-color":"var(--ast-global-color-5)","background-image":"","background-repeat":"repeat","background-position":"center center","background-size":"auto","background-attachment":"scroll","background-type":"","background-media":"","overlay-type":"","overlay-color":"","overlay-opacity":"","overlay-gradient":""},"mobile":{"background-color":"var(--ast-global-color-5)","background-image":"","background-repeat":"repeat","background-position":"center center","background-size":"auto","background-attachment":"scroll","background-type":"","background-media":"","overlay-type":"","overlay-color":"","overlay-opacity":"","overlay-gradient":""}},"footnotes":""},"class_list":["post-2238","page","type-page","status-publish","hentry"],"uagb_featured_image_src":{"full":false,"thumbnail":false,"medium":false,"medium_large":false,"large":false,"1536x1536":false,"2048x2048":false},"uagb_author_info":{"display_name":"admin-t9KGKYcP","author_link":"https:\/\/artcolors.pl\/?author=1"},"uagb_comment_info":0,"uagb_excerpt":"BIA\u0141Y DYWAN Bia\u0142y dywan na \u015blub, gruby,, ci\u0119\u017cki, podgumowany dywan o szeroko\u015bci 1,5 m wynajmujemy na terenie \u0141odzi i okolic z naszym transportem, w cenie rozwini\u0119cie i zwini\u0119cie po uroczysto\u015bci. Kilka d\u0142ugo\u015bci do wyboru. Szeroko\u015b\u0107 150 cm jest niezwykle efektowna. CENA 350 z\u0142 LUSTRO DO ZDJ\u0118\u0106 Lustro do selfie, absolutny must have na weselu! Idealne&hellip;","_links":{"self":[{"href":"https:\/\/artcolors.pl\/index.php?rest_route=\/wp\/v2\/pages\/2238","targetHints":{"allow":["GET"]}}],"collection":[{"href":"https:\/\/artcolors.pl\/index.php?rest_route=\/wp\/v2\/pages"}],"about":[{"href":"https:\/\/artcolors.pl\/index.php?rest_route=\/wp\/v2\/types\/page"}],"author":[{"embeddable":true,"href":"https:\/\/artcolors.pl\/index.php?rest_route=\/wp\/v2\/users\/1"}],"replies":[{"embeddable":true,"href":"https:\/\/artcolors.pl\/index.php?rest_route=%2Fwp%2Fv2%2Fcomments&post=2238"}],"version-history":[{"count":10,"href":"https:\/\/artcolors.pl\/index.php?rest_route=\/wp\/v2\/pages\/2238\/revisions"}],"predecessor-version":[{"id":2656,"href":"https:\/\/artcolors.pl\/index.php?rest_route=\/wp\/v2\/pages\/2238\/revisions\/2656"}],"wp:attachment":[{"href":"https:\/\/artcolors.pl\/index.php?rest_route=%2Fwp%2Fv2%2Fmedia&parent=2238"}],"curies":[{"name":"wp","href":"https:\/\/api.w.org\/{rel}","templated":true}]}}