{"id":2237,"date":"2024-08-29T16:36:00","date_gmt":"2024-08-29T14:36:00","guid":{"rendered":"https:\/\/artcolors.pl\/?page_id=2237"},"modified":"2026-02-25T12:34:47","modified_gmt":"2026-02-25T11:34:47","slug":"scianki-balonowe","status":"publish","type":"page","link":"https:\/\/artcolors.pl\/?page_id=2237","title":{"rendered":"\u015aCIANKI BALONOWE"},"content":{"rendered":"\n<div class=\"wp-block-media-text is-stacked-on-mobile\"><figure class=\"wp-block-media-text__media\"><img loading=\"lazy\" decoding=\"async\" width=\"1024\" height=\"566\" src=\"https:\/\/artcolors.pl\/wp-content\/uploads\/2026\/02\/3726b6b3-7b06-43c6-9755-5e44346abe31-1024x566.jpg\" alt=\"\" class=\"wp-image-2810 size-full\" srcset=\"https:\/\/artcolors.pl\/wp-content\/uploads\/2026\/02\/3726b6b3-7b06-43c6-9755-5e44346abe31-1024x566.jpg 1024w, https:\/\/artcolors.pl\/wp-content\/uploads\/2026\/02\/3726b6b3-7b06-43c6-9755-5e44346abe31-300x166.jpg 300w, https:\/\/artcolors.pl\/wp-content\/uploads\/2026\/02\/3726b6b3-7b06-43c6-9755-5e44346abe31-768x424.jpg 768w, https:\/\/artcolors.pl\/wp-content\/uploads\/2026\/02\/3726b6b3-7b06-43c6-9755-5e44346abe31-1536x848.jpg 1536w, https:\/\/artcolors.pl\/wp-content\/uploads\/2026\/02\/3726b6b3-7b06-43c6-9755-5e44346abe31.jpg 2048w\" sizes=\"auto, (max-width: 1024px) 100vw, 1024px\" \/><\/figure><div class=\"wp-block-media-text__content\">\n<h2 class=\"wp-block-heading\">\u015aCIANKI BALONOWE<\/h2>\n\n\n\n<p>\u015acianka z dekoracj\u0105 balonow\u0105 stanowi \u015bwietne t\u0142o do zdj\u0119\u0107, podkre\u015bla charakter i uroczysto\u015b\u0107 przyj\u0119cia.<br>Dzi\u015b fotografowanie najwa\u017cniejszych wydarze\u0144 w \u017cyciu to ju\u017c niemal obowi\u0105zek, dlatego wa\u017cne jest aby zadba\u0107 r\u00f3wnie\u017c o odpowiedni\u0105 opraw\u0119 dekoratorsk\u0105.<\/p>\n\n\n\n<p> Mo\u017cliwo\u015b\u0107 personalizacji \u015bcianki balonowej pozwala tworzy\u0107 niepowtarzalne i zapieraj\u0105ce dech scenerie.<br><\/p>\n<\/div><\/div>\n\n\n\n<figure class=\"wp-block-gallery has-nested-images columns-default is-cropped wp-block-gallery-1 is-layout-flex wp-block-gallery-is-layout-flex\">\n<figure class=\"wp-block-image size-large\"><img loading=\"lazy\" decoding=\"async\" width=\"720\" height=\"960\" data-id=\"2699\" src=\"https:\/\/artcolors.pl\/wp-content\/uploads\/2025\/09\/541093338_1147136894142538_1544264592621990693_n-2.jpg\" alt=\"\" class=\"wp-image-2699\" srcset=\"https:\/\/artcolors.pl\/wp-content\/uploads\/2025\/09\/541093338_1147136894142538_1544264592621990693_n-2.jpg 720w, https:\/\/artcolors.pl\/wp-content\/uploads\/2025\/09\/541093338_1147136894142538_1544264592621990693_n-2-225x300.jpg 225w\" sizes=\"auto, (max-width: 720px) 100vw, 720px\" \/><\/figure>\n\n\n\n<figure class=\"wp-block-image size-large\"><img loading=\"lazy\" decoding=\"async\" width=\"720\" height=\"960\" data-id=\"2698\" src=\"https:\/\/artcolors.pl\/wp-content\/uploads\/2025\/09\/489730295_1212698523838316_8174296932243888814_n-1.jpg\" alt=\"\" class=\"wp-image-2698\" srcset=\"https:\/\/artcolors.pl\/wp-content\/uploads\/2025\/09\/489730295_1212698523838316_8174296932243888814_n-1.jpg 720w, https:\/\/artcolors.pl\/wp-content\/uploads\/2025\/09\/489730295_1212698523838316_8174296932243888814_n-1-225x300.jpg 225w\" sizes=\"auto, (max-width: 720px) 100vw, 720px\" \/><\/figure>\n\n\n\n<figure class=\"wp-block-image size-large\"><img loading=\"lazy\" decoding=\"async\" width=\"720\" height=\"960\" data-id=\"2700\" src=\"https:\/\/artcolors.pl\/wp-content\/uploads\/2025\/09\/549301230_1784597116266438_5124188944451019406_n.jpg\" alt=\"\" class=\"wp-image-2700\" srcset=\"https:\/\/artcolors.pl\/wp-content\/uploads\/2025\/09\/549301230_1784597116266438_5124188944451019406_n.jpg 720w, https:\/\/artcolors.pl\/wp-content\/uploads\/2025\/09\/549301230_1784597116266438_5124188944451019406_n-225x300.jpg 225w\" sizes=\"auto, (max-width: 720px) 100vw, 720px\" \/><\/figure>\n<\/figure>\n\n\n\n<figure class=\"wp-block-gallery has-nested-images columns-default is-cropped wp-block-gallery-2 is-layout-flex wp-block-gallery-is-layout-flex\">\n<figure class=\"wp-block-image size-full\"><img loading=\"lazy\" decoding=\"async\" width=\"960\" height=\"720\" data-id=\"2812\" src=\"https:\/\/artcolors.pl\/wp-content\/uploads\/2026\/02\/547563505_25038690539148751_2712305670714431267_n.jpg\" alt=\"\" class=\"wp-image-2812\" srcset=\"https:\/\/artcolors.pl\/wp-content\/uploads\/2026\/02\/547563505_25038690539148751_2712305670714431267_n.jpg 960w, https:\/\/artcolors.pl\/wp-content\/uploads\/2026\/02\/547563505_25038690539148751_2712305670714431267_n-300x225.jpg 300w, https:\/\/artcolors.pl\/wp-content\/uploads\/2026\/02\/547563505_25038690539148751_2712305670714431267_n-768x576.jpg 768w\" sizes=\"auto, (max-width: 960px) 100vw, 960px\" \/><\/figure>\n\n\n\n<figure class=\"wp-block-image size-large\"><img loading=\"lazy\" decoding=\"async\" width=\"960\" height=\"720\" data-id=\"2701\" src=\"https:\/\/artcolors.pl\/wp-content\/uploads\/2025\/09\/550759304_1450152536039692_6757809313995122316_n.jpg\" alt=\"\" class=\"wp-image-2701\" srcset=\"https:\/\/artcolors.pl\/wp-content\/uploads\/2025\/09\/550759304_1450152536039692_6757809313995122316_n.jpg 960w, https:\/\/artcolors.pl\/wp-content\/uploads\/2025\/09\/550759304_1450152536039692_6757809313995122316_n-300x225.jpg 300w, https:\/\/artcolors.pl\/wp-content\/uploads\/2025\/09\/550759304_1450152536039692_6757809313995122316_n-768x576.jpg 768w\" sizes=\"auto, (max-width: 960px) 100vw, 960px\" \/><\/figure>\n<\/figure>\n\n\n\n<figure class=\"wp-block-gallery has-nested-images columns-default is-cropped wp-block-gallery-3 is-layout-flex wp-block-gallery-is-layout-flex\"><\/figure>\n\n\n\n<figure class=\"wp-block-gallery has-nested-images columns-default is-cropped wp-block-gallery-4 is-layout-flex wp-block-gallery-is-layout-flex\">\n<figure class=\"wp-block-image size-large\"><img loading=\"lazy\" decoding=\"async\" width=\"768\" height=\"1024\" data-id=\"2378\" src=\"https:\/\/artcolors.pl\/wp-content\/uploads\/2024\/09\/449980780_536411162043873_854692546504656277_n-1-768x1024.jpg\" alt=\"\" class=\"wp-image-2378\" srcset=\"https:\/\/artcolors.pl\/wp-content\/uploads\/2024\/09\/449980780_536411162043873_854692546504656277_n-1-768x1024.jpg 768w, https:\/\/artcolors.pl\/wp-content\/uploads\/2024\/09\/449980780_536411162043873_854692546504656277_n-1-225x300.jpg 225w, https:\/\/artcolors.pl\/wp-content\/uploads\/2024\/09\/449980780_536411162043873_854692546504656277_n-1-1152x1536.jpg 1152w, https:\/\/artcolors.pl\/wp-content\/uploads\/2024\/09\/449980780_536411162043873_854692546504656277_n-1.jpg 1512w\" sizes=\"auto, (max-width: 768px) 100vw, 768px\" \/><\/figure>\n\n\n\n<figure class=\"wp-block-image size-large\"><img loading=\"lazy\" decoding=\"async\" width=\"768\" height=\"1024\" data-id=\"2379\" src=\"https:\/\/artcolors.pl\/wp-content\/uploads\/2024\/09\/458324128_734942692101216_2795829028508762912_n-768x1024.jpg\" alt=\"\" class=\"wp-image-2379\" srcset=\"https:\/\/artcolors.pl\/wp-content\/uploads\/2024\/09\/458324128_734942692101216_2795829028508762912_n-768x1024.jpg 768w, https:\/\/artcolors.pl\/wp-content\/uploads\/2024\/09\/458324128_734942692101216_2795829028508762912_n-225x300.jpg 225w, https:\/\/artcolors.pl\/wp-content\/uploads\/2024\/09\/458324128_734942692101216_2795829028508762912_n-1152x1536.jpg 1152w, https:\/\/artcolors.pl\/wp-content\/uploads\/2024\/09\/458324128_734942692101216_2795829028508762912_n.jpg 1512w\" sizes=\"auto, (max-width: 768px) 100vw, 768px\" \/><\/figure>\n\n\n\n<figure class=\"wp-block-image size-large\"><img loading=\"lazy\" decoding=\"async\" width=\"768\" height=\"1024\" data-id=\"2380\" src=\"https:\/\/artcolors.pl\/wp-content\/uploads\/2024\/09\/457614839_1592204061639159_4986681926408253169_n-1-768x1024.jpg\" alt=\"\" class=\"wp-image-2380\" srcset=\"https:\/\/artcolors.pl\/wp-content\/uploads\/2024\/09\/457614839_1592204061639159_4986681926408253169_n-1-768x1024.jpg 768w, https:\/\/artcolors.pl\/wp-content\/uploads\/2024\/09\/457614839_1592204061639159_4986681926408253169_n-1-225x300.jpg 225w, https:\/\/artcolors.pl\/wp-content\/uploads\/2024\/09\/457614839_1592204061639159_4986681926408253169_n-1-1152x1536.jpg 1152w, https:\/\/artcolors.pl\/wp-content\/uploads\/2024\/09\/457614839_1592204061639159_4986681926408253169_n-1.jpg 1512w\" sizes=\"auto, (max-width: 768px) 100vw, 768px\" \/><\/figure>\n<\/figure>\n\n\n\n<figure class=\"wp-block-gallery has-nested-images columns-default is-cropped wp-block-gallery-5 is-layout-flex wp-block-gallery-is-layout-flex\">\n<figure class=\"wp-block-image size-large\"><img loading=\"lazy\" decoding=\"async\" width=\"720\" height=\"960\" data-id=\"2706\" src=\"https:\/\/artcolors.pl\/wp-content\/uploads\/2025\/09\/541189158_2283013032128868_5257739945352955781_n.jpg\" alt=\"\" class=\"wp-image-2706\" srcset=\"https:\/\/artcolors.pl\/wp-content\/uploads\/2025\/09\/541189158_2283013032128868_5257739945352955781_n.jpg 720w, https:\/\/artcolors.pl\/wp-content\/uploads\/2025\/09\/541189158_2283013032128868_5257739945352955781_n-225x300.jpg 225w\" sizes=\"auto, (max-width: 720px) 100vw, 720px\" \/><\/figure>\n\n\n\n<figure class=\"wp-block-image size-full\"><img loading=\"lazy\" decoding=\"async\" width=\"720\" height=\"960\" data-id=\"2708\" src=\"https:\/\/artcolors.pl\/wp-content\/uploads\/2025\/09\/550686681_816176364275796_6229873937806240319_n.jpg\" alt=\"\" class=\"wp-image-2708\" srcset=\"https:\/\/artcolors.pl\/wp-content\/uploads\/2025\/09\/550686681_816176364275796_6229873937806240319_n.jpg 720w, https:\/\/artcolors.pl\/wp-content\/uploads\/2025\/09\/550686681_816176364275796_6229873937806240319_n-225x300.jpg 225w\" sizes=\"auto, (max-width: 720px) 100vw, 720px\" \/><\/figure>\n\n\n\n<figure class=\"wp-block-image size-full\"><img loading=\"lazy\" decoding=\"async\" width=\"1512\" height=\"2016\" data-id=\"2390\" src=\"https:\/\/artcolors.pl\/wp-content\/uploads\/2024\/09\/437595925_371678042538108_3696364594146550612_n-1.jpg\" alt=\"\" class=\"wp-image-2390\" srcset=\"https:\/\/artcolors.pl\/wp-content\/uploads\/2024\/09\/437595925_371678042538108_3696364594146550612_n-1.jpg 1512w, https:\/\/artcolors.pl\/wp-content\/uploads\/2024\/09\/437595925_371678042538108_3696364594146550612_n-1-225x300.jpg 225w, https:\/\/artcolors.pl\/wp-content\/uploads\/2024\/09\/437595925_371678042538108_3696364594146550612_n-1-768x1024.jpg 768w, https:\/\/artcolors.pl\/wp-content\/uploads\/2024\/09\/437595925_371678042538108_3696364594146550612_n-1-1152x1536.jpg 1152w\" sizes=\"auto, (max-width: 1512px) 100vw, 1512px\" \/><\/figure>\n<\/figure>\n\n\n\n<figure class=\"wp-block-gallery has-nested-images columns-default is-cropped wp-block-gallery-6 is-layout-flex wp-block-gallery-is-layout-flex\">\n<figure class=\"wp-block-image size-large\"><img loading=\"lazy\" decoding=\"async\" width=\"1020\" height=\"1024\" data-id=\"2382\" src=\"https:\/\/artcolors.pl\/wp-content\/uploads\/2024\/09\/459104805_1674249706686823_2223590769152226635_n-1-1020x1024.jpg\" alt=\"\" class=\"wp-image-2382\" srcset=\"https:\/\/artcolors.pl\/wp-content\/uploads\/2024\/09\/459104805_1674249706686823_2223590769152226635_n-1-1020x1024.jpg 1020w, https:\/\/artcolors.pl\/wp-content\/uploads\/2024\/09\/459104805_1674249706686823_2223590769152226635_n-1-300x300.jpg 300w, https:\/\/artcolors.pl\/wp-content\/uploads\/2024\/09\/459104805_1674249706686823_2223590769152226635_n-1-150x150.jpg 150w, https:\/\/artcolors.pl\/wp-content\/uploads\/2024\/09\/459104805_1674249706686823_2223590769152226635_n-1-768x771.jpg 768w, https:\/\/artcolors.pl\/wp-content\/uploads\/2024\/09\/459104805_1674249706686823_2223590769152226635_n-1-1529x1536.jpg 1529w, https:\/\/artcolors.pl\/wp-content\/uploads\/2024\/09\/459104805_1674249706686823_2223590769152226635_n-1.jpg 2039w\" sizes=\"auto, (max-width: 1020px) 100vw, 1020px\" \/><\/figure>\n\n\n\n<figure class=\"wp-block-image size-full\"><img loading=\"lazy\" decoding=\"async\" width=\"720\" height=\"960\" data-id=\"2709\" src=\"https:\/\/artcolors.pl\/wp-content\/uploads\/2025\/09\/547174187_2014346062636805_8847577656093970316_n.jpg\" alt=\"\" class=\"wp-image-2709\" srcset=\"https:\/\/artcolors.pl\/wp-content\/uploads\/2025\/09\/547174187_2014346062636805_8847577656093970316_n.jpg 720w, https:\/\/artcolors.pl\/wp-content\/uploads\/2025\/09\/547174187_2014346062636805_8847577656093970316_n-225x300.jpg 225w\" sizes=\"auto, (max-width: 720px) 100vw, 720px\" \/><\/figure>\n\n\n\n<figure class=\"wp-block-image size-large\"><img loading=\"lazy\" decoding=\"async\" width=\"768\" height=\"1024\" data-id=\"2510\" src=\"https:\/\/artcolors.pl\/wp-content\/uploads\/2024\/09\/457698063_1706109066852389_3554803240729775172_n-768x1024.jpg\" alt=\"\" class=\"wp-image-2510\" srcset=\"https:\/\/artcolors.pl\/wp-content\/uploads\/2024\/09\/457698063_1706109066852389_3554803240729775172_n-768x1024.jpg 768w, https:\/\/artcolors.pl\/wp-content\/uploads\/2024\/09\/457698063_1706109066852389_3554803240729775172_n-225x300.jpg 225w, https:\/\/artcolors.pl\/wp-content\/uploads\/2024\/09\/457698063_1706109066852389_3554803240729775172_n-1152x1536.jpg 1152w, https:\/\/artcolors.pl\/wp-content\/uploads\/2024\/09\/457698063_1706109066852389_3554803240729775172_n.jpg 1512w\" sizes=\"auto, (max-width: 768px) 100vw, 768px\" \/><\/figure>\n<\/figure>\n\n\n\n<figure class=\"wp-block-gallery has-nested-images columns-default is-cropped wp-block-gallery-7 is-layout-flex wp-block-gallery-is-layout-flex\">\n<figure class=\"wp-block-image size-large\"><img loading=\"lazy\" decoding=\"async\" width=\"801\" height=\"1024\" data-id=\"2392\" src=\"https:\/\/artcolors.pl\/wp-content\/uploads\/2024\/09\/458218902_498657186213747_6098958264717486788_n-801x1024.jpg\" alt=\"\" class=\"wp-image-2392\" srcset=\"https:\/\/artcolors.pl\/wp-content\/uploads\/2024\/09\/458218902_498657186213747_6098958264717486788_n-801x1024.jpg 801w, https:\/\/artcolors.pl\/wp-content\/uploads\/2024\/09\/458218902_498657186213747_6098958264717486788_n-235x300.jpg 235w, https:\/\/artcolors.pl\/wp-content\/uploads\/2024\/09\/458218902_498657186213747_6098958264717486788_n-768x981.jpg 768w, https:\/\/artcolors.pl\/wp-content\/uploads\/2024\/09\/458218902_498657186213747_6098958264717486788_n-1202x1536.jpg 1202w, https:\/\/artcolors.pl\/wp-content\/uploads\/2024\/09\/458218902_498657186213747_6098958264717486788_n.jpg 1407w\" sizes=\"auto, (max-width: 801px) 100vw, 801px\" \/><\/figure>\n\n\n\n<figure class=\"wp-block-image size-full\"><img loading=\"lazy\" decoding=\"async\" width=\"720\" height=\"914\" data-id=\"2713\" src=\"https:\/\/artcolors.pl\/wp-content\/uploads\/2025\/09\/549283954_599703626441268_8163150367720730706_n.jpg\" alt=\"\" class=\"wp-image-2713\" srcset=\"https:\/\/artcolors.pl\/wp-content\/uploads\/2025\/09\/549283954_599703626441268_8163150367720730706_n.jpg 720w, https:\/\/artcolors.pl\/wp-content\/uploads\/2025\/09\/549283954_599703626441268_8163150367720730706_n-236x300.jpg 236w\" sizes=\"auto, (max-width: 720px) 100vw, 720px\" \/><\/figure>\n<\/figure>\n\n\n\n<div class=\"wp-block-media-text is-stacked-on-mobile\"><figure class=\"wp-block-media-text__media\"><img loading=\"lazy\" decoding=\"async\" width=\"960\" height=\"720\" src=\"https:\/\/artcolors.pl\/wp-content\/uploads\/2025\/09\/547006966_1154132099892011_6647634658488872733_n.jpg\" alt=\"\" class=\"wp-image-2697 size-full\" srcset=\"https:\/\/artcolors.pl\/wp-content\/uploads\/2025\/09\/547006966_1154132099892011_6647634658488872733_n.jpg 960w, https:\/\/artcolors.pl\/wp-content\/uploads\/2025\/09\/547006966_1154132099892011_6647634658488872733_n-300x225.jpg 300w, https:\/\/artcolors.pl\/wp-content\/uploads\/2025\/09\/547006966_1154132099892011_6647634658488872733_n-768x576.jpg 768w\" sizes=\"auto, (max-width: 960px) 100vw, 960px\" \/><\/figure><div class=\"wp-block-media-text__content\">\n<h2 class=\"wp-block-heading\">\u015acianka balonowa na urodziny dziecka, 18 urodziny, Chrzest, roczek, Pierwsz\u0105 Komuni\u0119 czy wesele to \u015bwietny pomys\u0142.<\/h2>\n\n\n\n<p>Czy wiesz, \u017ce \u015bcianka balonowa mo\u017ce mie\u0107 motyw przewodni?mo\u017ce by\u0107 w stylu minimalistycznym, boho, czy rustykalnym? Z nami zaplanujesz \u015bciank\u0119 balonow\u0105 idealnie pasuj\u0105c\u0105 do swojego przyj\u0119cia i stylu. Oferujemy r\u00f3\u017cnego typu aran\u017cacje z u\u017cyciem balon\u00f3w, proponujemy r\u00f3\u017cne \u015bcianki do wyboru: kwadratowe, okr\u0105g\u0142e czy p\u00f3\u0142okr\u0105g\u0142e, w r\u00f3\u017cnych kolorach do wyboru, \u015bcianka balonowa mo\u017ce sk\u0142ada\u0107 si\u0119 z jednego lub kilku element\u00f3w w zale\u017cno\u015bci od potrzeb i oczekiwa\u0144<br>Do dekoracji \u015bcianki u\u017cywamy balon\u00f3w zwykle w kilku rozmiarach, do girlandy balonowej wykorzystujemy tak\u017ce dodatki jak misie, kosze, \u015bwiat\u0142a, napisy, kwiaty, trawy, i wiele innych<br>Kolor? dowolny \ud83d\ude42 ch\u0119tnie doradzimy jakie kolory balon\u00f3w wybra\u0107 aby wszystko ze sob\u0105 pasowa\u0142o, zar\u00f3wno do okazji jak i do wystroju sali czy wybranego stylu .<\/p>\n\n\n\n<p class=\"has-text-align-left\">Cena \u015bcianki zale\u017cy od wielko\u015bci, stopnia rozbudowania i ilo\u015bci dodatkowych element\u00f3w jak napisy itp a tak\u017ce od , lokalizacji, zadzwo\u0144 i zapytaj o ofert\u0119 dla siebie. \u015acianki balonowe \u0141\u00f3d\u017a i okolice.<\/p>\n<\/div><\/div>\n\n\n\t\t\t\t\t<!-- Configure your Spectra Image Gallery -->\n\t\t\t\t\t\n\n\n<p><\/p>\n\n\n\n<p><\/p>\n","protected":false},"excerpt":{"rendered":"<p>\u015aCIANKI BALONOWE \u015acianka z dekoracj\u0105 balonow\u0105 stanowi \u015bwietne t\u0142o do zdj\u0119\u0107, podkre\u015bla charakter i uroczysto\u015b\u0107 przyj\u0119cia.Dzi\u015b fotografowanie najwa\u017cniejszych wydarze\u0144 w \u017cyciu to ju\u017c niemal obowi\u0105zek, dlatego wa\u017cne jest aby zadba\u0107 r\u00f3wnie\u017c o odpowiedni\u0105 opraw\u0119 dekoratorsk\u0105. Mo\u017cliwo\u015b\u0107 personalizacji \u015bcianki balonowej pozwala tworzy\u0107 niepowtarzalne i zapieraj\u0105ce dech scenerie. \u015acianka balonowa na urodziny dziecka, 18 urodziny, Chrzest, roczek, [&hellip;]<\/p>\n","protected":false},"author":1,"featured_media":0,"parent":0,"menu_order":0,"comment_status":"closed","ping_status":"closed","template":"","meta":{"_uag_custom_page_level_css":"","site-sidebar-layout":"default","site-content-layout":"","ast-site-content-layout":"default","site-content-style":"default","site-sidebar-style":"default","ast-global-header-display":"","ast-banner-title-visibility":"","ast-main-header-display":"","ast-hfb-above-header-display":"","ast-hfb-below-header-display":"","ast-hfb-mobile-header-display":"","site-post-title":"","ast-breadcrumbs-content":"","ast-featured-img":"","footer-sml-layout":"","theme-transparent-header-meta":"","adv-header-id-meta":"","stick-header-meta":"","header-above-stick-meta":"","header-main-stick-meta":"","header-below-stick-meta":"","astra-migrate-meta-layouts":"set","ast-page-background-enabled":"default","ast-page-background-meta":{"desktop":{"background-color":"var(--ast-global-color-4)","background-image":"","background-repeat":"repeat","background-position":"center center","background-size":"auto","background-attachment":"scroll","background-type":"","background-media":"","overlay-type":"","overlay-color":"","overlay-opacity":"","overlay-gradient":""},"tablet":{"background-color":"","background-image":"","background-repeat":"repeat","background-position":"center center","background-size":"auto","background-attachment":"scroll","background-type":"","background-media":"","overlay-type":"","overlay-color":"","overlay-opacity":"","overlay-gradient":""},"mobile":{"background-color":"","background-image":"","background-repeat":"repeat","background-position":"center center","background-size":"auto","background-attachment":"scroll","background-type":"","background-media":"","overlay-type":"","overlay-color":"","overlay-opacity":"","overlay-gradient":""}},"ast-content-background-meta":{"desktop":{"background-color":"var(--ast-global-color-5)","background-image":"","background-repeat":"repeat","background-position":"center center","background-size":"auto","background-attachment":"scroll","background-type":"","background-media":"","overlay-type":"","overlay-color":"","overlay-opacity":"","overlay-gradient":""},"tablet":{"background-color":"var(--ast-global-color-5)","background-image":"","background-repeat":"repeat","background-position":"center center","background-size":"auto","background-attachment":"scroll","background-type":"","background-media":"","overlay-type":"","overlay-color":"","overlay-opacity":"","overlay-gradient":""},"mobile":{"background-color":"var(--ast-global-color-5)","background-image":"","background-repeat":"repeat","background-position":"center center","background-size":"auto","background-attachment":"scroll","background-type":"","background-media":"","overlay-type":"","overlay-color":"","overlay-opacity":"","overlay-gradient":""}},"footnotes":""},"class_list":["post-2237","page","type-page","status-publish","hentry"],"uagb_featured_image_src":{"full":false,"thumbnail":false,"medium":false,"medium_large":false,"large":false,"1536x1536":false,"2048x2048":false},"uagb_author_info":{"display_name":"admin-t9KGKYcP","author_link":"https:\/\/artcolors.pl\/?author=1"},"uagb_comment_info":0,"uagb_excerpt":"\u015aCIANKI BALONOWE \u015acianka z dekoracj\u0105 balonow\u0105 stanowi \u015bwietne t\u0142o do zdj\u0119\u0107, podkre\u015bla charakter i uroczysto\u015b\u0107 przyj\u0119cia.Dzi\u015b fotografowanie najwa\u017cniejszych wydarze\u0144 w \u017cyciu to ju\u017c niemal obowi\u0105zek, dlatego wa\u017cne jest aby zadba\u0107 r\u00f3wnie\u017c o odpowiedni\u0105 opraw\u0119 dekoratorsk\u0105. Mo\u017cliwo\u015b\u0107 personalizacji \u015bcianki balonowej pozwala tworzy\u0107 niepowtarzalne i zapieraj\u0105ce dech scenerie. \u015acianka balonowa na urodziny dziecka, 18 urodziny, Chrzest, roczek,&hellip;","_links":{"self":[{"href":"https:\/\/artcolors.pl\/index.php?rest_route=\/wp\/v2\/pages\/2237","targetHints":{"allow":["GET"]}}],"collection":[{"href":"https:\/\/artcolors.pl\/index.php?rest_route=\/wp\/v2\/pages"}],"about":[{"href":"https:\/\/artcolors.pl\/index.php?rest_route=\/wp\/v2\/types\/page"}],"author":[{"embeddable":true,"href":"https:\/\/artcolors.pl\/index.php?rest_route=\/wp\/v2\/users\/1"}],"replies":[{"embeddable":true,"href":"https:\/\/artcolors.pl\/index.php?rest_route=%2Fwp%2Fv2%2Fcomments&post=2237"}],"version-history":[{"count":23,"href":"https:\/\/artcolors.pl\/index.php?rest_route=\/wp\/v2\/pages\/2237\/revisions"}],"predecessor-version":[{"id":2817,"href":"https:\/\/artcolors.pl\/index.php?rest_route=\/wp\/v2\/pages\/2237\/revisions\/2817"}],"wp:attachment":[{"href":"https:\/\/artcolors.pl\/index.php?rest_route=%2Fwp%2Fv2%2Fmedia&parent=2237"}],"curies":[{"name":"wp","href":"https:\/\/api.w.org\/{rel}","templated":true}]}}