{"id":2236,"date":"2024-08-29T16:36:00","date_gmt":"2024-08-29T14:36:00","guid":{"rendered":"https:\/\/artcolors.pl\/?page_id=2236"},"modified":"2025-09-17T21:15:33","modified_gmt":"2025-09-17T19:15:33","slug":"dekoracje-plenerow","status":"publish","type":"page","link":"https:\/\/artcolors.pl\/?page_id=2236","title":{"rendered":"DEKORACJE PLENER\u00d3W"},"content":{"rendered":"\n<div class=\"wp-block-media-text is-stacked-on-mobile\"><figure class=\"wp-block-media-text__media\"><img loading=\"lazy\" decoding=\"async\" width=\"960\" height=\"594\" src=\"https:\/\/artcolors.pl\/wp-content\/uploads\/2025\/09\/550430091_2294219484367319_2590078558610622055_n-1-e1758104407726.jpg\" alt=\"\" class=\"wp-image-2607 size-full\" srcset=\"https:\/\/artcolors.pl\/wp-content\/uploads\/2025\/09\/550430091_2294219484367319_2590078558610622055_n-1-e1758104407726.jpg 960w, https:\/\/artcolors.pl\/wp-content\/uploads\/2025\/09\/550430091_2294219484367319_2590078558610622055_n-1-e1758104407726-300x186.jpg 300w, https:\/\/artcolors.pl\/wp-content\/uploads\/2025\/09\/550430091_2294219484367319_2590078558610622055_n-1-e1758104407726-768x475.jpg 768w\" sizes=\"auto, (max-width: 960px) 100vw, 960px\" \/><\/figure><div class=\"wp-block-media-text__content\">\n<p><strong>DEKORACJA \u015aLUBU W PLENERZE<\/strong><br>\u015alub w plenerze, w i\u015bcie ameryka\u0144skim stylu dzi\u015b ju\u017c nikogo nie dziwi. Ogromny wyb\u00f3r us\u0142ug zwi\u0105zanych zar\u00f3wno z dekoracj\u0105 jak i organizacj\u0105 \u015blubu w wybranym miejscu powoduje, \u017ce par kt\u00f3re decyduj\u0105 si\u0119 na zawarcie ma\u0142\u017ce\u0144stwa poza budynkiem USC przybywa lawinowo.<br>My uwielbiamy \u015bluby plenerowe, mamy wszystkie niezb\u0119dne elementy aby stworzy\u0107 magiczn\u0105 opraw\u0119 \u015blubn\u0105 nawet na pustkowiu \ud83d\ude42<\/p>\n<\/div><\/div>\n\n\n\n<figure class=\"wp-block-gallery has-nested-images columns-default is-cropped wp-block-gallery-1 is-layout-flex wp-block-gallery-is-layout-flex\">\n<figure class=\"wp-block-image size-large\"><img loading=\"lazy\" decoding=\"async\" width=\"720\" height=\"960\" data-id=\"2603\" src=\"https:\/\/artcolors.pl\/wp-content\/uploads\/2025\/09\/550649081_1303398034528444_2431699482400695681_n.jpg\" alt=\"\" class=\"wp-image-2603\" srcset=\"https:\/\/artcolors.pl\/wp-content\/uploads\/2025\/09\/550649081_1303398034528444_2431699482400695681_n.jpg 720w, https:\/\/artcolors.pl\/wp-content\/uploads\/2025\/09\/550649081_1303398034528444_2431699482400695681_n-225x300.jpg 225w\" sizes=\"auto, (max-width: 720px) 100vw, 720px\" \/><\/figure>\n\n\n\n<figure class=\"wp-block-image size-large\"><img loading=\"lazy\" decoding=\"async\" width=\"720\" height=\"960\" data-id=\"2604\" src=\"https:\/\/artcolors.pl\/wp-content\/uploads\/2025\/09\/547105335_1475490430322985_8837120416096683839_n.jpg\" alt=\"\" class=\"wp-image-2604\" srcset=\"https:\/\/artcolors.pl\/wp-content\/uploads\/2025\/09\/547105335_1475490430322985_8837120416096683839_n.jpg 720w, https:\/\/artcolors.pl\/wp-content\/uploads\/2025\/09\/547105335_1475490430322985_8837120416096683839_n-225x300.jpg 225w\" sizes=\"auto, (max-width: 720px) 100vw, 720px\" \/><\/figure>\n\n\n\n<figure class=\"wp-block-image size-large\"><img loading=\"lazy\" decoding=\"async\" width=\"720\" height=\"960\" data-id=\"2605\" src=\"https:\/\/artcolors.pl\/wp-content\/uploads\/2025\/09\/550367675_1594039511568669_4898168783545062981_n.jpg\" alt=\"\" class=\"wp-image-2605\" srcset=\"https:\/\/artcolors.pl\/wp-content\/uploads\/2025\/09\/550367675_1594039511568669_4898168783545062981_n.jpg 720w, https:\/\/artcolors.pl\/wp-content\/uploads\/2025\/09\/550367675_1594039511568669_4898168783545062981_n-225x300.jpg 225w\" sizes=\"auto, (max-width: 720px) 100vw, 720px\" \/><\/figure>\n<\/figure>\n\n\n\n<figure class=\"wp-block-gallery has-nested-images columns-default is-cropped wp-block-gallery-2 is-layout-flex wp-block-gallery-is-layout-flex\">\n<figure class=\"wp-block-image size-large\"><img loading=\"lazy\" decoding=\"async\" width=\"720\" height=\"960\" data-id=\"2672\" src=\"https:\/\/artcolors.pl\/wp-content\/uploads\/2025\/09\/548379500_1113725343697468_8394452644289337557_n.jpg\" alt=\"\" class=\"wp-image-2672\" srcset=\"https:\/\/artcolors.pl\/wp-content\/uploads\/2025\/09\/548379500_1113725343697468_8394452644289337557_n.jpg 720w, https:\/\/artcolors.pl\/wp-content\/uploads\/2025\/09\/548379500_1113725343697468_8394452644289337557_n-225x300.jpg 225w\" sizes=\"auto, (max-width: 720px) 100vw, 720px\" \/><\/figure>\n\n\n\n<figure class=\"wp-block-image size-large\"><img loading=\"lazy\" decoding=\"async\" width=\"720\" height=\"960\" data-id=\"2671\" src=\"https:\/\/artcolors.pl\/wp-content\/uploads\/2025\/09\/550759308_1081962117386038_7602963543746923121_n.jpg\" alt=\"\" class=\"wp-image-2671\" srcset=\"https:\/\/artcolors.pl\/wp-content\/uploads\/2025\/09\/550759308_1081962117386038_7602963543746923121_n.jpg 720w, https:\/\/artcolors.pl\/wp-content\/uploads\/2025\/09\/550759308_1081962117386038_7602963543746923121_n-225x300.jpg 225w\" sizes=\"auto, (max-width: 720px) 100vw, 720px\" \/><\/figure>\n\n\n\n<figure class=\"wp-block-image size-large\"><img loading=\"lazy\" decoding=\"async\" width=\"720\" height=\"960\" data-id=\"2673\" src=\"https:\/\/artcolors.pl\/wp-content\/uploads\/2025\/09\/547869071_1305007274406323_7667803545264542405_n.jpg\" alt=\"\" class=\"wp-image-2673\" srcset=\"https:\/\/artcolors.pl\/wp-content\/uploads\/2025\/09\/547869071_1305007274406323_7667803545264542405_n.jpg 720w, https:\/\/artcolors.pl\/wp-content\/uploads\/2025\/09\/547869071_1305007274406323_7667803545264542405_n-225x300.jpg 225w\" sizes=\"auto, (max-width: 720px) 100vw, 720px\" \/><\/figure>\n<\/figure>\n\n\n\n<figure class=\"wp-block-gallery has-nested-images columns-default is-cropped wp-block-gallery-3 is-layout-flex wp-block-gallery-is-layout-flex\">\n<figure class=\"wp-block-image size-large\"><img loading=\"lazy\" decoding=\"async\" width=\"720\" height=\"960\" data-id=\"2679\" src=\"https:\/\/artcolors.pl\/wp-content\/uploads\/2025\/09\/462535494_449218957680442_2377952515302475864_n.jpg\" alt=\"\" class=\"wp-image-2679\" srcset=\"https:\/\/artcolors.pl\/wp-content\/uploads\/2025\/09\/462535494_449218957680442_2377952515302475864_n.jpg 720w, https:\/\/artcolors.pl\/wp-content\/uploads\/2025\/09\/462535494_449218957680442_2377952515302475864_n-225x300.jpg 225w\" sizes=\"auto, (max-width: 720px) 100vw, 720px\" \/><\/figure>\n\n\n\n<figure class=\"wp-block-image size-large\"><img loading=\"lazy\" decoding=\"async\" width=\"720\" height=\"960\" data-id=\"2676\" src=\"https:\/\/artcolors.pl\/wp-content\/uploads\/2025\/09\/456905479_435878832805345_8783063378516042716_n.jpg\" alt=\"\" class=\"wp-image-2676\" srcset=\"https:\/\/artcolors.pl\/wp-content\/uploads\/2025\/09\/456905479_435878832805345_8783063378516042716_n.jpg 720w, https:\/\/artcolors.pl\/wp-content\/uploads\/2025\/09\/456905479_435878832805345_8783063378516042716_n-225x300.jpg 225w\" sizes=\"auto, (max-width: 720px) 100vw, 720px\" \/><\/figure>\n\n\n\n<figure class=\"wp-block-image size-large\"><img loading=\"lazy\" decoding=\"async\" width=\"720\" height=\"901\" data-id=\"2674\" src=\"https:\/\/artcolors.pl\/wp-content\/uploads\/2025\/09\/457619526_487337960809755_1943021982399838527_n.jpg\" alt=\"\" class=\"wp-image-2674\" srcset=\"https:\/\/artcolors.pl\/wp-content\/uploads\/2025\/09\/457619526_487337960809755_1943021982399838527_n.jpg 720w, https:\/\/artcolors.pl\/wp-content\/uploads\/2025\/09\/457619526_487337960809755_1943021982399838527_n-240x300.jpg 240w\" sizes=\"auto, (max-width: 720px) 100vw, 720px\" \/><\/figure>\n<\/figure>\n\n\n\n<figure class=\"wp-block-gallery has-nested-images columns-default is-cropped wp-block-gallery-4 is-layout-flex wp-block-gallery-is-layout-flex\">\n<figure class=\"wp-block-image size-large\"><img loading=\"lazy\" decoding=\"async\" width=\"683\" height=\"1024\" data-id=\"2680\" src=\"https:\/\/artcolors.pl\/wp-content\/uploads\/2025\/09\/473140361_571360375661836_1520305002164799037_n-683x1024.jpg\" alt=\"\" class=\"wp-image-2680\" srcset=\"https:\/\/artcolors.pl\/wp-content\/uploads\/2025\/09\/473140361_571360375661836_1520305002164799037_n-683x1024.jpg 683w, https:\/\/artcolors.pl\/wp-content\/uploads\/2025\/09\/473140361_571360375661836_1520305002164799037_n-200x300.jpg 200w, https:\/\/artcolors.pl\/wp-content\/uploads\/2025\/09\/473140361_571360375661836_1520305002164799037_n.jpg 720w\" sizes=\"auto, (max-width: 683px) 100vw, 683px\" \/><\/figure>\n\n\n\n<figure class=\"wp-block-image size-large\"><img loading=\"lazy\" decoding=\"async\" width=\"1024\" height=\"768\" data-id=\"2341\" src=\"https:\/\/artcolors.pl\/wp-content\/uploads\/2024\/08\/IMG_20191014_173422-1024x768.jpg\" alt=\"\" class=\"wp-image-2341\" srcset=\"https:\/\/artcolors.pl\/wp-content\/uploads\/2024\/08\/IMG_20191014_173422-1024x768.jpg 1024w, https:\/\/artcolors.pl\/wp-content\/uploads\/2024\/08\/IMG_20191014_173422-300x225.jpg 300w, https:\/\/artcolors.pl\/wp-content\/uploads\/2024\/08\/IMG_20191014_173422-768x576.jpg 768w, https:\/\/artcolors.pl\/wp-content\/uploads\/2024\/08\/IMG_20191014_173422-1536x1152.jpg 1536w, https:\/\/artcolors.pl\/wp-content\/uploads\/2024\/08\/IMG_20191014_173422-2048x1536.jpg 2048w\" sizes=\"auto, (max-width: 1024px) 100vw, 1024px\" \/><\/figure>\n\n\n\n<figure class=\"wp-block-image size-large\"><img loading=\"lazy\" decoding=\"async\" width=\"720\" height=\"960\" data-id=\"2681\" src=\"https:\/\/artcolors.pl\/wp-content\/uploads\/2025\/09\/453222195_923554979810875_7319482835997156279_n.jpg\" alt=\"\" class=\"wp-image-2681\" srcset=\"https:\/\/artcolors.pl\/wp-content\/uploads\/2025\/09\/453222195_923554979810875_7319482835997156279_n.jpg 720w, https:\/\/artcolors.pl\/wp-content\/uploads\/2025\/09\/453222195_923554979810875_7319482835997156279_n-225x300.jpg 225w\" sizes=\"auto, (max-width: 720px) 100vw, 720px\" \/><\/figure>\n<\/figure>\n\n\n\n<p>Je\u015bli marzysz o uroczysto\u015bci w otoczeniu natury, pe\u0142nej romantyzmu i niezapomnianego klimatu to nasze dekoracje sprawi\u0105, \u017ce ten wyj\u0105tkowy dzie\u0144 b\u0119dzie wygl\u0105da\u0142 tak jak sobie wymarzyli\u015bcie. <br>Je\u015bli planujesz \u015blub w plenerze ch\u0119tni pomo\u017cemy Ci w aran\u017cacji miejsca \u015blubu, pracujemy kompleksowo jak i tylko z wybranymi elementami. Niezale\u017cnie czy potrzebujesz ca\u0142ej us\u0142ugi czy tylko cz\u0119\u015bci zapraszamy &#8211; um\u00f3w nie na bezp\u0142atn\u0105 konsultacj\u0119, razem om\u00f3wimy szczeg\u00f3\u0142y i mo\u017cliwo\u015bci.<\/p>\n\n\n\n<p>Do dekoracji \u015blubu plenerowego proponujemy:<\/p>\n\n\n\n<ul class=\"wp-block-list\">\n<li>\u015bcianki, altany, \u0142uki \u015blubne<\/li>\n\n\n\n<li>kompozycje kwiatowe, pe\u0142na florystyka<\/li>\n\n\n\n<li>o\u015bwietlenie &#8211; lampiony, \u015bwiece, \u015bwieczniki<\/li>\n\n\n\n<li>bia\u0142y dywan, god\u0142o<\/li>\n\n\n\n<li>aran\u017cacja przestrzeni &#8211; krzes\u0142a, stoliki, tkaniny, detale<\/li>\n<\/ul>\n\n\n\n<p>REZERWACJE na sezon 2026 ju\u017c trwaj\u0105!<\/p>\n\n\n\n<p>#\u015blub w plenerze #dekoracjeslubnelodz #wesele2026 #plenerowyslub #weselezklimatem<\/p>\n\n\n\n<blockquote class=\"tiktok-embed\" cite=\"https:\/\/www.tiktok.com\/@artcolorsdekoracje\/video\/7519406479636466966\" data-video-id=\"7519406479636466966\" style=\"max-width: 605px;min-width: 325px;\" > <section> <a target=\"_blank\" title=\"@artcolorsdekoracje\" href=\"https:\/\/www.tiktok.com\/@artcolorsdekoracje?refer=embed\">@artcolorsdekoracje<\/a> \u015alub pod go\u0142ym niebem, w otoczeniu natury z pi\u0119kn\u0105 opraw\u0105 to magia kt\u00f3ra dzieje si\u0119 na naszych oczach!  &#8211; Styl boho, rustykalny lub romantyczny &#8211; Dekoracje krzese\u0142, t\u0142o, dywan, i inne &#8211; Kwiaty, trawy pampasowe, koronki  &#8211; Profesjonalna oprawa w ka\u017cdym miejscu  \ud83d\udcc5 Rezerwuj termin na sezon 2025&#47;2026 ju\u017c dzi\u015b! \ud83d\udcde Skontaktuj si\u0119 z nami i zamie\u0144 sw\u00f3j \u015blub w bajk\u0119! www.artcolors.pl 606 601 629 <a title=\"\u015blubwplenerze\" target=\"_blank\" href=\"https:\/\/www.tiktok.com\/tag\/%C5%9Blubwplenerze?refer=embed\">#\u015blubwplenerze<\/a> <a title=\"dekoracjeslubnelodz\" target=\"_blank\" href=\"https:\/\/www.tiktok.com\/tag\/dekoracjeslubnelodz?refer=embed\">#dekoracjeslubnelodz<\/a> <a title=\"\u015blub2025\" target=\"_blank\" href=\"https:\/\/www.tiktok.com\/tag\/%C5%9Blub2025?refer=embed\">#\u015blub2025<\/a> <a title=\"\u015blubwplenerzelodzkie\" target=\"_blank\" href=\"https:\/\/www.tiktok.com\/tag\/%C5%9Blubwplenerzelodzkie?refer=embed\">#\u015blubwplenerzelodzkie<\/a> <a title=\"bohoslub\" target=\"_blank\" href=\"https:\/\/www.tiktok.com\/tag\/bohoslub?refer=embed\">#bohoslub<\/a> <a title=\"rustykalnyslub\" target=\"_blank\" href=\"https:\/\/www.tiktok.com\/tag\/rustykalnyslub?refer=embed\">#rustykalnyslub<\/a> <a title=\"slubnapolanie\" target=\"_blank\" href=\"https:\/\/www.tiktok.com\/tag\/slubnapolanie?refer=embed\">#slubnapolanie<\/a> <a title=\"dekoracjebohoslub\" target=\"_blank\" href=\"https:\/\/www.tiktok.com\/tag\/dekoracjebohoslub?refer=embed\">#dekoracjebohoslub<\/a> <a title=\"organizacjaslubu\" target=\"_blank\" href=\"https:\/\/www.tiktok.com\/tag\/organizacjaslubu?refer=embed\">#organizacjaslubu<\/a> <a title=\"slub2026\" target=\"_blank\" href=\"https:\/\/www.tiktok.com\/tag\/slub2026?refer=embed\">#slub2026<\/a>  @Rybak\u00f3wka <a target=\"_blank\" title=\"\u266c original sound - Poviolinist\" href=\"https:\/\/www.tiktok.com\/music\/original-sound-7442653670326078230?refer=embed\">\u266c original sound &#8211; Poviolinist<\/a> <\/section> <\/blockquote> <script async src=\"https:\/\/www.tiktok.com\/embed.js\"><\/script>\n\n\n\n<p class=\"has-text-align-center has-border-color has-ast-global-color-6-border-color has-ast-global-color-7-color has-ast-global-color-5-background-color has-text-color has-background has-link-color wp-elements-76f9f1ba1f53ced3e03887ce2ddc98d3\" style=\"border-width:10px\"><a href=\"https:\/\/www.tiktok.com\/@artcolorsdekoracje?is_from_webapp=1&amp;sender_device=pc\">Wi\u0119cej film\u00f3w z naszych dekoracji na TikTok KLIKNIJ TU<\/a> <\/p>\n\n\n\n<p><\/p>\n","protected":false},"excerpt":{"rendered":"<p>DEKORACJA \u015aLUBU W PLENERZE\u015alub w plenerze, w i\u015bcie ameryka\u0144skim stylu dzi\u015b ju\u017c nikogo nie dziwi. Ogromny wyb\u00f3r us\u0142ug zwi\u0105zanych zar\u00f3wno z dekoracj\u0105 jak i organizacj\u0105 \u015blubu w wybranym miejscu powoduje, \u017ce par kt\u00f3re decyduj\u0105 si\u0119 na zawarcie ma\u0142\u017ce\u0144stwa poza budynkiem USC przybywa lawinowo.My uwielbiamy \u015bluby plenerowe, mamy wszystkie niezb\u0119dne elementy aby stworzy\u0107 magiczn\u0105 opraw\u0119 \u015blubn\u0105 [&hellip;]<\/p>\n","protected":false},"author":1,"featured_media":0,"parent":0,"menu_order":0,"comment_status":"closed","ping_status":"closed","template":"","meta":{"_uag_custom_page_level_css":"","site-sidebar-layout":"default","site-content-layout":"","ast-site-content-layout":"default","site-content-style":"default","site-sidebar-style":"default","ast-global-header-display":"","ast-banner-title-visibility":"","ast-main-header-display":"","ast-hfb-above-header-display":"","ast-hfb-below-header-display":"","ast-hfb-mobile-header-display":"","site-post-title":"","ast-breadcrumbs-content":"","ast-featured-img":"","footer-sml-layout":"","theme-transparent-header-meta":"","adv-header-id-meta":"","stick-header-meta":"","header-above-stick-meta":"","header-main-stick-meta":"","header-below-stick-meta":"","astra-migrate-meta-layouts":"set","ast-page-background-enabled":"default","ast-page-background-meta":{"desktop":{"background-color":"var(--ast-global-color-4)","background-image":"","background-repeat":"repeat","background-position":"center center","background-size":"auto","background-attachment":"scroll","background-type":"","background-media":"","overlay-type":"","overlay-color":"","overlay-opacity":"","overlay-gradient":""},"tablet":{"background-color":"","background-image":"","background-repeat":"repeat","background-position":"center center","background-size":"auto","background-attachment":"scroll","background-type":"","background-media":"","overlay-type":"","overlay-color":"","overlay-opacity":"","overlay-gradient":""},"mobile":{"background-color":"","background-image":"","background-repeat":"repeat","background-position":"center center","background-size":"auto","background-attachment":"scroll","background-type":"","background-media":"","overlay-type":"","overlay-color":"","overlay-opacity":"","overlay-gradient":""}},"ast-content-background-meta":{"desktop":{"background-color":"var(--ast-global-color-5)","background-image":"","background-repeat":"repeat","background-position":"center center","background-size":"auto","background-attachment":"scroll","background-type":"","background-media":"","overlay-type":"","overlay-color":"","overlay-opacity":"","overlay-gradient":""},"tablet":{"background-color":"var(--ast-global-color-5)","background-image":"","background-repeat":"repeat","background-position":"center center","background-size":"auto","background-attachment":"scroll","background-type":"","background-media":"","overlay-type":"","overlay-color":"","overlay-opacity":"","overlay-gradient":""},"mobile":{"background-color":"var(--ast-global-color-5)","background-image":"","background-repeat":"repeat","background-position":"center center","background-size":"auto","background-attachment":"scroll","background-type":"","background-media":"","overlay-type":"","overlay-color":"","overlay-opacity":"","overlay-gradient":""}},"footnotes":""},"class_list":["post-2236","page","type-page","status-publish","hentry"],"uagb_featured_image_src":{"full":false,"thumbnail":false,"medium":false,"medium_large":false,"large":false,"1536x1536":false,"2048x2048":false},"uagb_author_info":{"display_name":"admin-t9KGKYcP","author_link":"https:\/\/artcolors.pl\/?author=1"},"uagb_comment_info":0,"uagb_excerpt":"DEKORACJA \u015aLUBU W PLENERZE\u015alub w plenerze, w i\u015bcie ameryka\u0144skim stylu dzi\u015b ju\u017c nikogo nie dziwi. Ogromny wyb\u00f3r us\u0142ug zwi\u0105zanych zar\u00f3wno z dekoracj\u0105 jak i organizacj\u0105 \u015blubu w wybranym miejscu powoduje, \u017ce par kt\u00f3re decyduj\u0105 si\u0119 na zawarcie ma\u0142\u017ce\u0144stwa poza budynkiem USC przybywa lawinowo.My uwielbiamy \u015bluby plenerowe, mamy wszystkie niezb\u0119dne elementy aby stworzy\u0107 magiczn\u0105 opraw\u0119 \u015blubn\u0105&hellip;","_links":{"self":[{"href":"https:\/\/artcolors.pl\/index.php?rest_route=\/wp\/v2\/pages\/2236","targetHints":{"allow":["GET"]}}],"collection":[{"href":"https:\/\/artcolors.pl\/index.php?rest_route=\/wp\/v2\/pages"}],"about":[{"href":"https:\/\/artcolors.pl\/index.php?rest_route=\/wp\/v2\/types\/page"}],"author":[{"embeddable":true,"href":"https:\/\/artcolors.pl\/index.php?rest_route=\/wp\/v2\/users\/1"}],"replies":[{"embeddable":true,"href":"https:\/\/artcolors.pl\/index.php?rest_route=%2Fwp%2Fv2%2Fcomments&post=2236"}],"version-history":[{"count":24,"href":"https:\/\/artcolors.pl\/index.php?rest_route=\/wp\/v2\/pages\/2236\/revisions"}],"predecessor-version":[{"id":2734,"href":"https:\/\/artcolors.pl\/index.php?rest_route=\/wp\/v2\/pages\/2236\/revisions\/2734"}],"wp:attachment":[{"href":"https:\/\/artcolors.pl\/index.php?rest_route=%2Fwp%2Fv2%2Fmedia&parent=2236"}],"curies":[{"name":"wp","href":"https:\/\/api.w.org\/{rel}","templated":true}]}}